{"id":16996,"date":"2026-01-09T12:34:03","date_gmt":"2026-01-09T12:34:03","guid":{"rendered":"https:\/\/physix.devn.nl\/?page_id=16996"},"modified":"2026-05-06T10:05:01","modified_gmt":"2026-05-06T10:05:01","slug":"defense","status":"publish","type":"page","link":"https:\/\/physix.devn.nl\/fr\/succursales\/defense\/","title":{"rendered":"D\u00e9fense"},"content":{"rendered":"","protected":false},"excerpt":{"rendered":"<p>Solutions optiques de pr\u00e9cision con\u00e7ues pour les syst\u00e8mes de d\u00e9fense, de surveillance et a\u00e9rospatiaux de pointe.<\/p>\n","protected":false},"author":4,"featured_media":16460,"parent":16969,"menu_order":0,"comment_status":"closed","ping_status":"closed","template":"","meta":{"_acf_changed":false,"footnotes":""},"class_list":["post-16996","page","type-page","status-publish","has-post-thumbnail","hentry"],"acf":[],"yoast_head":"<!-- This site is optimized with the Yoast SEO plugin v27.5 - https:\/\/yoast.com\/product\/yoast-seo-wordpress\/ -->\n<title>D\u00e9fense - Physix Photonics<\/title>\n<meta name=\"robots\" content=\"index, follow, max-snippet:-1, max-image-preview:large, max-video-preview:-1\" \/>\n<link rel=\"canonical\" href=\"https:\/\/physix.devn.nl\/fr\/succursales\/defense\/\" \/>\n<meta property=\"og:locale\" content=\"fr_FR\" \/>\n<meta property=\"og:type\" content=\"article\" \/>\n<meta property=\"og:title\" content=\"D\u00e9fense - Physix Photonics\" \/>\n<meta property=\"og:description\" content=\"Solutions optiques de pr\u00e9cision con\u00e7ues pour les syst\u00e8mes de d\u00e9fense, de surveillance et a\u00e9rospatiaux de pointe.\" \/>\n<meta property=\"og:url\" content=\"https:\/\/physix.devn.nl\/fr\/succursales\/defense\/\" \/>\n<meta property=\"og:site_name\" content=\"Physix Photonics\" \/>\n<meta property=\"article:publisher\" content=\"https:\/\/www.facebook.com\/deDroogbouwvloer\/\" \/>\n<meta property=\"article:modified_time\" content=\"2026-05-06T10:05:01+00:00\" \/>\n<meta property=\"og:image\" content=\"https:\/\/physix.devn.nl\/wp-content\/uploads\/2026\/01\/optiek-defentie-toepassing-physix-photonics-duiven.jpg\" \/>\n\t<meta property=\"og:image:width\" content=\"1980\" \/>\n\t<meta property=\"og:image:height\" content=\"1498\" \/>\n\t<meta property=\"og:image:type\" content=\"image\/jpeg\" \/>\n<meta name=\"twitter:card\" content=\"summary_large_image\" \/>\n<meta name=\"twitter:label1\" content=\"Dur\u00e9e de lecture estim\u00e9e\" \/>\n\t<meta name=\"twitter:data1\" content=\"2 minutes\" \/>\n<script type=\"application\/ld+json\" class=\"yoast-schema-graph\">{\"@context\":\"https:\\\/\\\/schema.org\",\"@graph\":[{\"@type\":\"WebPage\",\"@id\":\"https:\\\/\\\/physix.devn.nl\\\/fr\\\/succursales\\\/defense\\\/\",\"url\":\"https:\\\/\\\/physix.devn.nl\\\/fr\\\/succursales\\\/defense\\\/\",\"name\":\"D\u00e9fense - Physix Photonics\",\"isPartOf\":{\"@id\":\"https:\\\/\\\/physix.devn.nl\\\/fr\\\/#website\"},\"primaryImageOfPage\":{\"@id\":\"https:\\\/\\\/physix.devn.nl\\\/fr\\\/succursales\\\/defense\\\/#primaryimage\"},\"image\":{\"@id\":\"https:\\\/\\\/physix.devn.nl\\\/fr\\\/succursales\\\/defense\\\/#primaryimage\"},\"thumbnailUrl\":\"https:\\\/\\\/physix.devn.nl\\\/wp-content\\\/uploads\\\/2026\\\/01\\\/optiek-defentie-toepassing-physix-photonics-duiven.jpg\",\"datePublished\":\"2026-01-09T12:34:03+00:00\",\"dateModified\":\"2026-05-06T10:05:01+00:00\",\"breadcrumb\":{\"@id\":\"https:\\\/\\\/physix.devn.nl\\\/fr\\\/succursales\\\/defense\\\/#breadcrumb\"},\"inLanguage\":\"fr-FR\",\"potentialAction\":[{\"@type\":\"ReadAction\",\"target\":[\"https:\\\/\\\/physix.devn.nl\\\/fr\\\/succursales\\\/defense\\\/\"]}]},{\"@type\":\"ImageObject\",\"inLanguage\":\"fr-FR\",\"@id\":\"https:\\\/\\\/physix.devn.nl\\\/fr\\\/succursales\\\/defense\\\/#primaryimage\",\"url\":\"https:\\\/\\\/physix.devn.nl\\\/wp-content\\\/uploads\\\/2026\\\/01\\\/optiek-defentie-toepassing-physix-photonics-duiven.jpg\",\"contentUrl\":\"https:\\\/\\\/physix.devn.nl\\\/wp-content\\\/uploads\\\/2026\\\/01\\\/optiek-defentie-toepassing-physix-photonics-duiven.jpg\",\"width\":1980,\"height\":1498,\"caption\":\"Optiek defentie toepassing Physix Photonics Duiven\"},{\"@type\":\"BreadcrumbList\",\"@id\":\"https:\\\/\\\/physix.devn.nl\\\/fr\\\/succursales\\\/defense\\\/#breadcrumb\",\"itemListElement\":[{\"@type\":\"ListItem\",\"position\":1,\"name\":\"Home\",\"item\":\"https:\\\/\\\/physix.devn.nl\\\/fr\\\/\"},{\"@type\":\"ListItem\",\"position\":2,\"name\":\"Succursales\",\"item\":\"https:\\\/\\\/physix.devn.nl\\\/fr\\\/succursales\\\/\"},{\"@type\":\"ListItem\",\"position\":3,\"name\":\"D\u00e9fense\"}]},{\"@type\":\"WebSite\",\"@id\":\"https:\\\/\\\/physix.devn.nl\\\/fr\\\/#website\",\"url\":\"https:\\\/\\\/physix.devn.nl\\\/fr\\\/\",\"name\":\"Physix Photonics\",\"description\":\"Partner for optical components\",\"publisher\":{\"@id\":\"https:\\\/\\\/physix.devn.nl\\\/fr\\\/#organization\"},\"alternateName\":\"Peakr\",\"potentialAction\":[{\"@type\":\"SearchAction\",\"target\":{\"@type\":\"EntryPoint\",\"urlTemplate\":\"https:\\\/\\\/physix.devn.nl\\\/fr\\\/?s={search_term_string}\"},\"query-input\":{\"@type\":\"PropertyValueSpecification\",\"valueRequired\":true,\"valueName\":\"search_term_string\"}}],\"inLanguage\":\"fr-FR\"},{\"@type\":\"Organization\",\"@id\":\"https:\\\/\\\/physix.devn.nl\\\/fr\\\/#organization\",\"name\":\"Physix Photonics\",\"url\":\"https:\\\/\\\/physix.devn.nl\\\/fr\\\/\",\"logo\":{\"@type\":\"ImageObject\",\"inLanguage\":\"fr-FR\",\"@id\":\"https:\\\/\\\/physix.devn.nl\\\/fr\\\/#\\\/schema\\\/logo\\\/image\\\/\",\"url\":\"https:\\\/\\\/physix.devn.nl\\\/wp-content\\\/uploads\\\/2025\\\/06\\\/logo_peakr.svg\",\"contentUrl\":\"https:\\\/\\\/physix.devn.nl\\\/wp-content\\\/uploads\\\/2025\\\/06\\\/logo_peakr.svg\",\"width\":275,\"height\":65,\"caption\":\"Physix Photonics\"},\"image\":{\"@id\":\"https:\\\/\\\/physix.devn.nl\\\/fr\\\/#\\\/schema\\\/logo\\\/image\\\/\"},\"sameAs\":[\"https:\\\/\\\/www.facebook.com\\\/deDroogbouwvloer\\\/\",\"https:\\\/\\\/www.linkedin.com\\\/company\\\/dedroogbouwvloer-nl\\\/\"]}]}<\/script>\n<!-- \/ Yoast SEO plugin. -->","yoast_head_json":{"title":"D\u00e9fense - Physix Photonics","robots":{"index":"index","follow":"follow","max-snippet":"max-snippet:-1","max-image-preview":"max-image-preview:large","max-video-preview":"max-video-preview:-1"},"canonical":"https:\/\/physix.devn.nl\/fr\/succursales\/defense\/","og_locale":"fr_FR","og_type":"article","og_title":"D\u00e9fense - Physix Photonics","og_description":"Solutions optiques de pr\u00e9cision con\u00e7ues pour les syst\u00e8mes de d\u00e9fense, de surveillance et a\u00e9rospatiaux de pointe.","og_url":"https:\/\/physix.devn.nl\/fr\/succursales\/defense\/","og_site_name":"Physix Photonics","article_publisher":"https:\/\/www.facebook.com\/deDroogbouwvloer\/","article_modified_time":"2026-05-06T10:05:01+00:00","og_image":[{"width":1980,"height":1498,"url":"https:\/\/physix.devn.nl\/wp-content\/uploads\/2026\/01\/optiek-defentie-toepassing-physix-photonics-duiven.jpg","type":"image\/jpeg"}],"twitter_card":"summary_large_image","twitter_misc":{"Dur\u00e9e de lecture estim\u00e9e":"2 minutes"},"schema":{"@context":"https:\/\/schema.org","@graph":[{"@type":"WebPage","@id":"https:\/\/physix.devn.nl\/fr\/succursales\/defense\/","url":"https:\/\/physix.devn.nl\/fr\/succursales\/defense\/","name":"D\u00e9fense - Physix Photonics","isPartOf":{"@id":"https:\/\/physix.devn.nl\/fr\/#website"},"primaryImageOfPage":{"@id":"https:\/\/physix.devn.nl\/fr\/succursales\/defense\/#primaryimage"},"image":{"@id":"https:\/\/physix.devn.nl\/fr\/succursales\/defense\/#primaryimage"},"thumbnailUrl":"https:\/\/physix.devn.nl\/wp-content\/uploads\/2026\/01\/optiek-defentie-toepassing-physix-photonics-duiven.jpg","datePublished":"2026-01-09T12:34:03+00:00","dateModified":"2026-05-06T10:05:01+00:00","breadcrumb":{"@id":"https:\/\/physix.devn.nl\/fr\/succursales\/defense\/#breadcrumb"},"inLanguage":"fr-FR","potentialAction":[{"@type":"ReadAction","target":["https:\/\/physix.devn.nl\/fr\/succursales\/defense\/"]}]},{"@type":"ImageObject","inLanguage":"fr-FR","@id":"https:\/\/physix.devn.nl\/fr\/succursales\/defense\/#primaryimage","url":"https:\/\/physix.devn.nl\/wp-content\/uploads\/2026\/01\/optiek-defentie-toepassing-physix-photonics-duiven.jpg","contentUrl":"https:\/\/physix.devn.nl\/wp-content\/uploads\/2026\/01\/optiek-defentie-toepassing-physix-photonics-duiven.jpg","width":1980,"height":1498,"caption":"Optiek defentie toepassing Physix Photonics Duiven"},{"@type":"BreadcrumbList","@id":"https:\/\/physix.devn.nl\/fr\/succursales\/defense\/#breadcrumb","itemListElement":[{"@type":"ListItem","position":1,"name":"Home","item":"https:\/\/physix.devn.nl\/fr\/"},{"@type":"ListItem","position":2,"name":"Succursales","item":"https:\/\/physix.devn.nl\/fr\/succursales\/"},{"@type":"ListItem","position":3,"name":"D\u00e9fense"}]},{"@type":"WebSite","@id":"https:\/\/physix.devn.nl\/fr\/#website","url":"https:\/\/physix.devn.nl\/fr\/","name":"Physix Photonics","description":"Partner for optical components","publisher":{"@id":"https:\/\/physix.devn.nl\/fr\/#organization"},"alternateName":"Peakr","potentialAction":[{"@type":"SearchAction","target":{"@type":"EntryPoint","urlTemplate":"https:\/\/physix.devn.nl\/fr\/?s={search_term_string}"},"query-input":{"@type":"PropertyValueSpecification","valueRequired":true,"valueName":"search_term_string"}}],"inLanguage":"fr-FR"},{"@type":"Organization","@id":"https:\/\/physix.devn.nl\/fr\/#organization","name":"Physix Photonics","url":"https:\/\/physix.devn.nl\/fr\/","logo":{"@type":"ImageObject","inLanguage":"fr-FR","@id":"https:\/\/physix.devn.nl\/fr\/#\/schema\/logo\/image\/","url":"https:\/\/physix.devn.nl\/wp-content\/uploads\/2025\/06\/logo_peakr.svg","contentUrl":"https:\/\/physix.devn.nl\/wp-content\/uploads\/2025\/06\/logo_peakr.svg","width":275,"height":65,"caption":"Physix Photonics"},"image":{"@id":"https:\/\/physix.devn.nl\/fr\/#\/schema\/logo\/image\/"},"sameAs":["https:\/\/www.facebook.com\/deDroogbouwvloer\/","https:\/\/www.linkedin.com\/company\/dedroogbouwvloer-nl\/"]}]}},"_links":{"self":[{"href":"https:\/\/physix.devn.nl\/fr\/wp-json\/wp\/v2\/pages\/16996","targetHints":{"allow":["GET"]}}],"collection":[{"href":"https:\/\/physix.devn.nl\/fr\/wp-json\/wp\/v2\/pages"}],"about":[{"href":"https:\/\/physix.devn.nl\/fr\/wp-json\/wp\/v2\/types\/page"}],"author":[{"embeddable":true,"href":"https:\/\/physix.devn.nl\/fr\/wp-json\/wp\/v2\/users\/4"}],"replies":[{"embeddable":true,"href":"https:\/\/physix.devn.nl\/fr\/wp-json\/wp\/v2\/comments?post=16996"}],"version-history":[{"count":1,"href":"https:\/\/physix.devn.nl\/fr\/wp-json\/wp\/v2\/pages\/16996\/revisions"}],"predecessor-version":[{"id":17532,"href":"https:\/\/physix.devn.nl\/fr\/wp-json\/wp\/v2\/pages\/16996\/revisions\/17532"}],"up":[{"embeddable":true,"href":"https:\/\/physix.devn.nl\/fr\/wp-json\/wp\/v2\/pages\/16969"}],"wp:featuredmedia":[{"embeddable":true,"href":"https:\/\/physix.devn.nl\/fr\/wp-json\/wp\/v2\/media\/16460"}],"wp:attachment":[{"href":"https:\/\/physix.devn.nl\/fr\/wp-json\/wp\/v2\/media?parent=16996"}],"curies":[{"name":"wp","href":"https:\/\/api.w.org\/{rel}","templated":true}]}}